{"id":8,"date":"2016-05-01T05:06:57","date_gmt":"2016-05-01T02:06:57","guid":{"rendered":"http:\/\/bilimbilgi.com\/?page_id=8"},"modified":"2024-07-24T02:09:19","modified_gmt":"2024-07-23T23:09:19","slug":"iletisim","status":"publish","type":"page","link":"https:\/\/bilimbilgi.com\/?page_id=8","title":{"rendered":"\u0130leti\u015fim"},"content":{"rendered":"<p>Her t\u00fcrl\u00fc g\u00f6r\u00fc\u015f, soru ve \u00f6neriniz i\u00e7in admin@bilimbilgi.com adresine e-posta g\u00f6nderebilirsiniz.<\/p>\n<p>Ayr\u0131ca sitemizi <a href=\"https:\/\/x.com\/bilimbilgi\" target=\"_blank\" rel=\"noopener\">https:\/\/x.com\/bilimbilgi<\/a> adresinden takip edebilirsiniz.<\/p>\n","protected":false},"excerpt":{"rendered":"<p>Her t\u00fcrl\u00fc g\u00f6r\u00fc\u015f, soru ve \u00f6neriniz i\u00e7in admin@bilimbilgi.com adresine e-posta g\u00f6nderebilirsiniz. Ayr\u0131ca sitemizi https:\/\/x.com\/bilimbilgi adresinden takip edebilirsiniz.<\/p>\n","protected":false},"author":1,"featured_media":0,"parent":0,"menu_order":0,"comment_status":"closed","ping_status":"closed","template":"","meta":{"footnotes":""},"class_list":["post-8","page","type-page","status-publish","hentry"],"_links":{"self":[{"href":"https:\/\/bilimbilgi.com\/index.php?rest_route=\/wp\/v2\/pages\/8","targetHints":{"allow":["GET"]}}],"collection":[{"href":"https:\/\/bilimbilgi.com\/index.php?rest_route=\/wp\/v2\/pages"}],"about":[{"href":"https:\/\/bilimbilgi.com\/index.php?rest_route=\/wp\/v2\/types\/page"}],"author":[{"embeddable":true,"href":"https:\/\/bilimbilgi.com\/index.php?rest_route=\/wp\/v2\/users\/1"}],"replies":[{"embeddable":true,"href":"https:\/\/bilimbilgi.com\/index.php?rest_route=%2Fwp%2Fv2%2Fcomments&post=8"}],"version-history":[{"count":9,"href":"https:\/\/bilimbilgi.com\/index.php?rest_route=\/wp\/v2\/pages\/8\/revisions"}],"predecessor-version":[{"id":1476,"href":"https:\/\/bilimbilgi.com\/index.php?rest_route=\/wp\/v2\/pages\/8\/revisions\/1476"}],"wp:attachment":[{"href":"https:\/\/bilimbilgi.com\/index.php?rest_route=%2Fwp%2Fv2%2Fmedia&parent=8"}],"curies":[{"name":"wp","href":"https:\/\/api.w.org\/{rel}","templated":true}]}}